{"id":177,"date":"2022-12-21T20:03:56","date_gmt":"2022-12-21T20:03:56","guid":{"rendered":"http:\/\/gyvenimelygus.lt\/?page_id=177"},"modified":"2023-01-24T09:47:57","modified_gmt":"2023-01-24T09:47:57","slug":"apie-projekta","status":"publish","type":"page","link":"https:\/\/gyvenimelygus.lt\/index.php\/apie-projekta\/","title":{"rendered":"Apie projekt\u0105"},"content":{"rendered":"\t\t<div data-elementor-type=\"wp-page\" data-elementor-id=\"177\" class=\"elementor elementor-177\">\n\t\t\t\t\t\t<section class=\"elementor-section elementor-top-section elementor-element elementor-element-0edc7bf elementor-section-boxed elementor-section-height-default elementor-section-height-default\" data-id=\"0edc7bf\" data-element_type=\"section\">\n\t\t\t\t\t\t<div class=\"elementor-container elementor-column-gap-default\">\n\t\t\t\t\t<div class=\"elementor-column elementor-col-66 elementor-top-column elementor-element elementor-element-3971a26\" data-id=\"3971a26\" data-element_type=\"column\">\n\t\t\t<div class=\"elementor-widget-wrap elementor-element-populated\">\n\t\t\t\t\t\t<div class=\"elementor-element elementor-element-3e59080 elementor-widget elementor-widget-text-editor\" data-id=\"3e59080\" data-element_type=\"widget\" data-widget_type=\"text-editor.default\">\n\t\t\t\t<div class=\"elementor-widget-container\">\n\t\t\t\t\t\t\t\t\t<p><span style=\"color: #000000;\">\u201e\u017dali\u0173j\u0173 velni\u0173\u201c asociacija dalyvauja \u012fvairiuose projektuose \u0161vietimo, verslo, sporto ir kt. srityse.\u00a0Vienas i\u0161 projekt\u0173 \u201e\u017dinok visk\u0105 Kai\u0161iadoryse\u201c \u012fgyvendinamas 2020-2022 m. Projekto tikslas \u2013 ma\u017einti nedarb\u0105 Kai\u0161iadoryse, suteikiant pagalb\u0105 darbingiems negali\u0105 turintiems asmenims ir jauno verslo subjektams, ugdant j\u0173 verslumo geb\u0117jimus ir suteikiant priemones informacijos sklaidos verslams. Projektas pad\u0117s ne\u012fgaliuosius \u012ftraukti \u012f darbo rink\u0105 taip ma\u017einant Kai\u0161iadori\u0173 nedarbo lyg\u012f bei pa\u017eeid\u017eiam\u0173 grupi\u0173 socialin\u0119 atskirt\u012f.<\/span><\/p>\t\t\t\t\t\t\t\t<\/div>\n\t\t\t\t<\/div>\n\t\t\t\t\t<\/div>\n\t\t<\/div>\n\t\t\t\t<div class=\"elementor-column elementor-col-33 elementor-top-column elementor-element elementor-element-f6da43d\" data-id=\"f6da43d\" data-element_type=\"column\">\n\t\t\t<div class=\"elementor-widget-wrap elementor-element-populated\">\n\t\t\t\t\t\t<div class=\"elementor-element elementor-element-dbbcc97 elementor-widget elementor-widget-image\" data-id=\"dbbcc97\" data-element_type=\"widget\" data-widget_type=\"image.default\">\n\t\t\t\t<div class=\"elementor-widget-container\">\n\t\t\t\t\t\t\t\t\t\t\t\t\t\t\t<img fetchpriority=\"high\" decoding=\"async\" width=\"1024\" height=\"512\" src=\"https:\/\/gyvenimelygus.lt\/wp-content\/uploads\/2022\/12\/cropped-Finansuojama-Europos-socialinio-fondo-lesomis-2-1024x512.jpg\" class=\"attachment-large size-large wp-image-229\" alt=\"\" srcset=\"https:\/\/gyvenimelygus.lt\/wp-content\/uploads\/2022\/12\/cropped-Finansuojama-Europos-socialinio-fondo-lesomis-2-1024x512.jpg 1024w, https:\/\/gyvenimelygus.lt\/wp-content\/uploads\/2022\/12\/cropped-Finansuojama-Europos-socialinio-fondo-lesomis-2-300x150.jpg 300w, https:\/\/gyvenimelygus.lt\/wp-content\/uploads\/2022\/12\/cropped-Finansuojama-Europos-socialinio-fondo-lesomis-2-768x384.jpg 768w, https:\/\/gyvenimelygus.lt\/wp-content\/uploads\/2022\/12\/cropped-Finansuojama-Europos-socialinio-fondo-lesomis-2-1536x768.jpg 1536w, https:\/\/gyvenimelygus.lt\/wp-content\/uploads\/2022\/12\/cropped-Finansuojama-Europos-socialinio-fondo-lesomis-2.jpg 1920w\" sizes=\"(max-width: 1024px) 100vw, 1024px\" \/>\t\t\t\t\t\t\t\t\t\t\t\t\t\t\t<\/div>\n\t\t\t\t<\/div>\n\t\t\t\t\t<\/div>\n\t\t<\/div>\n\t\t\t\t\t<\/div>\n\t\t<\/section>\n\t\t\t\t<section class=\"elementor-section elementor-top-section elementor-element elementor-element-560b0e18 elementor-section-boxed elementor-section-height-default elementor-section-height-default\" data-id=\"560b0e18\" data-element_type=\"section\">\n\t\t\t\t\t\t<div class=\"elementor-container elementor-column-gap-default\">\n\t\t\t\t\t<div class=\"elementor-column elementor-col-100 elementor-top-column elementor-element elementor-element-a4c4271\" data-id=\"a4c4271\" data-element_type=\"column\">\n\t\t\t<div class=\"elementor-widget-wrap elementor-element-populated\">\n\t\t\t\t\t\t<div class=\"elementor-element elementor-element-41fa22f1 elementor-widget elementor-widget-text-editor\" data-id=\"41fa22f1\" data-element_type=\"widget\" data-widget_type=\"text-editor.default\">\n\t\t\t\t<div class=\"elementor-widget-container\">\n\t\t\t\t\t\t\t\t\t<p><span style=\"color: #000000;\"><\/span><\/p>\n<div style=\"grid-template-columns: auto 26%;\">\n<div><span style=\"color: #000000;\"><\/span><\/div>\n<figure><\/figure>\n<\/div>\n<p><span style=\"color: #000000;\"><\/span><\/p>\n<h6><span style=\"color: #000000;\">Projekto tikslin\u0117s grup\u0117s:<\/span><\/h6>\n<p><span style=\"color: #000000;\"><\/span><\/p>\n<p><span style=\"color: #000000;\">\u2013\u00a0\u00a0\u00a0<strong>\u00a0darbingi ne\u012fgal\u016bs \u017emon\u0117s (15 asm.).<\/strong><\/span><\/p>\n<p><span style=\"color: #000000;\"><\/span><\/p>\n<p><span style=\"color: #000000;\">\u2013\u00a0\u00a0\u00a0\u00a0<strong>savanoriai (5 asm.).<\/strong><\/span><\/p>\n<p><span style=\"color: #000000; font-family: var( --e-global-typography-text-font-family ), Sans-serif; font-weight: var( --e-global-typography-text-font-weight ); font-size: 1rem;\">Projekto veikl\u0173 \u012fgyvendinimui bus atrinkti savanoriai, kurie geb\u0117s u\u017etikrinti \u012fvairi\u0105 negali\u0105 turin\u010di\u0173 asmen\u0173 poreikius (pvz. klausos, jud\u0117jimo) bei bus motyvuoti \u012fsipareigoti ilgalaikei savanorystei. Projekto metu dirbs 5 savanoriai, kurie:<\/span><\/p>\n<p><\/p>\n<ul>\n<li style=\"list-style-type: none;\">\n<ul>\n<li><span style=\"color: #000000;\">rinks projekto dalyviams ir kitiems negali\u0105 turintiems asmenims aktuali\u0105 informacij\u0105, susijusi\u0105 su verslumo didinimu, verslo k\u016brimu bei vystymu,\u00a0ir kels \u012f svetain\u0119 bei socialines paskyras;<\/span><\/li>\n<\/ul>\n<\/li>\n<\/ul>\n<p><\/p>\n<ul>\n<li style=\"list-style-type: none;\">\n<ul>\n<li><span style=\"color: #000000;\">pagal poreik\u012f suteiks dalyviams palyd\u0117jimo paslaugas \u012f \u012fstaigas (d\u0117l verslo steigimo ar savaranki\u0161kos veiklos);<\/span><\/li>\n<\/ul>\n<\/li>\n<\/ul>\n<p><\/p>\n<ul>\n<li style=\"list-style-type: none;\">\n<ul>\n<li><span style=\"color: #000000;\">asistuos projekto dalyviams mokym\u0173 ir informacinio rengini\u0173 metu (pagalba atvykstant, vert\u0117jaujant \u012f gest\u0173 kalb\u0105, technin\u0117 pagalba);<\/span><\/li>\n<\/ul>\n<\/li>\n<\/ul>\n<p><\/p>\n<ul>\n<li style=\"list-style-type: none;\">\n<ul>\n<li><span style=\"color: #000000;\">dirbs teikiant vertim\u0105 \u012f gest\u0173 kalb\u0105 informacinio renginio metu.<\/span><\/li>\n<\/ul>\n<\/li>\n<\/ul>\n<p><\/p>\n<p><span style=\"color: #000000;\"><\/span><\/p>\n<p><em><span style=\"color: #000000;\">*Tikslin\u0117s grup\u0117s am\u017eius n\u0117ra ribojamas.<\/span><\/em><\/p>\n<p><span style=\"color: #000000;\"><\/span><\/p>\n<p><span style=\"color: #000000;\">Projekto dalyvi\u0173 laukia:<\/span><\/p>\n<p><span style=\"color: #000000;\"><\/span><\/p>\n<p><span style=\"color: #000000;\">\u2013\u00a0\u00a0\u00a0\u00a0\u00a0\u00a0\u00a0Mobilios aplikacijos mokymai;<\/span><\/p>\n<p><span style=\"color: #000000;\"><\/span><\/p>\n<p><span style=\"color: #000000;\">\u2013\u00a0\u00a0\u00a0\u00a0\u00a0\u00a0\u00a0Internetini\u0173 svetaini\u0173 administravimo mokymai;<\/span><\/p>\n<p><span style=\"color: #000000;\"><\/span><\/p>\n<p><span style=\"color: #000000;\">\u2013\u00a0\u00a0\u00a0\u00a0\u00a0\u00a0\u00a0Lauko reklamos mokymai;<\/span><\/p>\n<p><span style=\"color: #000000;\"><\/span><\/p>\n<p><span style=\"color: #000000;\">\u2013\u00a0\u00a0\u00a0\u00a0\u00a0\u00a0\u00a0Verslumo skatinimo ir informacijos sklaidos mokymai;<\/span><\/p>\n<p><span style=\"color: #000000;\"><\/span><\/p>\n<p><span style=\"color: #000000;\">\u2013\u00a0 \u00a0 \u00a0 \u00a0Savanoryst\u0117s diena.<\/span><\/p>\n<p><span style=\"color: #000000;\"><\/span><\/p>\n<p><span style=\"color: #000000;\">Numatoma, kad projekto metu bus sukurtas informacinis kanalas kuriame galima su\u017einoti apie \u012fsidarbinimo galimybes, pastatytas lauko ekranas, projekto dalyviams suteikiamos galimyb\u0117s naudotis \u012fsigyta \u012franga, pl\u0117toti versl\u0105.<\/span><\/p>\n<p><span style=\"color: #000000;\"><\/span><\/p>\n<p style=\"margin: 0cm; margin-bottom: .0001pt; background: white;\"><span lang=\"EN-US\" style=\"color: #000000;\">Projektas finansuojamas i\u0161 Europos S\u0105jungos strukt\u016brini\u0173 fond\u0173 l\u0117\u0161\u0173.<br \/>Projekto i\u0161laid\u0173 suma \u2013 30 401,33 Eur, skirtas 24 193,73 Eur finansavimas.<\/span><\/p>\n<p style=\"margin: 0cm; margin-bottom: .0001pt; background: white;\"><span lang=\"EN-US\">\u00a0<\/span><\/p>\n<p style=\"margin: 0cm; margin-bottom: .0001pt; background: white;\"><span lang=\"EN-US\" style=\"color: #000000;\">Veikl\u0173 prad\u017eia \u2013 2020 m. lapkri\u010dio m\u0117n.<br \/>Veikl\u0173 pabaiga \u2013 2022 m. spalio m\u0117n.<\/span><\/p>\n<p>\u00a0<\/p>\n<p><span style=\"color: #000000;\">Projekto vykdytojas \u2013 asociacija \u201e\u017dalieji velniai\u201c.<br \/><\/span><span style=\"color: #000000;\">Projekto partneris \u2013 Lietuvos kur\u010di\u0173j\u0173 draugijos Kauno teritorin\u0117 valdyba.<\/span><\/p>\n<p><span style=\"color: #000000;\"><\/span><\/p>\n<p><span style=\"color: #000000;\">\u012egyvendinimo vieta \u2013 Gedimino g. 115, Kai\u0161iadorys, LT-56133.<\/span><\/p>\n<p><span style=\"color: #000000;\"><\/span><\/p>\n<p><span style=\"color: #000000;\">Registracija savanoriauti ir kita informacija telefonais: +37060497635, +37060361590, el. pa\u0161tu: robertassust@gmail.com, evelina.senkeviciute@gmail.com.<\/span><\/p>\n<p style=\"margin: 0cm 0cm 12pt; background-image: initial; background-position: initial; background-size: initial; background-repeat: initial; background-attachment: initial; background-origin: initial; background-clip: initial;\">\u00a0<\/p>\n<p><span style=\"color: #000000;\"><\/span><\/p>\t\t\t\t\t\t\t\t<\/div>\n\t\t\t\t<\/div>\n\t\t\t\t\t<\/div>\n\t\t<\/div>\n\t\t\t\t\t<\/div>\n\t\t<\/section>\n\t\t\t\t<\/div>\n\t\t","protected":false},"excerpt":{"rendered":"<p>\u201e\u017dali\u0173j\u0173 velni\u0173\u201c asociacija dalyvauja \u012fvairiuose projektuose \u0161vietimo, verslo, sporto ir kt. srityse.\u00a0Vienas i\u0161 projekt\u0173 \u201e\u017dinok visk\u0105 Kai\u0161iadoryse\u201c \u012fgyvendinamas 2020-2022 m. Projekto tikslas \u2013 ma\u017einti nedarb\u0105 Kai\u0161iadoryse, suteikiant pagalb\u0105 darbingiems negali\u0105 turintiems asmenims ir jauno verslo subjektams, ugdant j\u0173 verslumo geb\u0117jimus ir suteikiant priemones informacijos sklaidos verslams. Projektas pad\u0117s ne\u012fgaliuosius \u012ftraukti \u012f darbo rink\u0105 taip ma\u017einant [&hellip;]<\/p>\n","protected":false},"author":2,"featured_media":0,"parent":0,"menu_order":0,"comment_status":"closed","ping_status":"closed","template":"","meta":{"om_disable_all_campaigns":false,"_monsterinsights_skip_tracking":false,"_monsterinsights_sitenote_active":false,"_monsterinsights_sitenote_note":"","_monsterinsights_sitenote_category":0,"footnotes":""},"class_list":["post-177","page","type-page","status-publish","hentry"],"aioseo_notices":[],"_links":{"self":[{"href":"https:\/\/gyvenimelygus.lt\/index.php\/wp-json\/wp\/v2\/pages\/177","targetHints":{"allow":["GET"]}}],"collection":[{"href":"https:\/\/gyvenimelygus.lt\/index.php\/wp-json\/wp\/v2\/pages"}],"about":[{"href":"https:\/\/gyvenimelygus.lt\/index.php\/wp-json\/wp\/v2\/types\/page"}],"author":[{"embeddable":true,"href":"https:\/\/gyvenimelygus.lt\/index.php\/wp-json\/wp\/v2\/users\/2"}],"replies":[{"embeddable":true,"href":"https:\/\/gyvenimelygus.lt\/index.php\/wp-json\/wp\/v2\/comments?post=177"}],"version-history":[{"count":24,"href":"https:\/\/gyvenimelygus.lt\/index.php\/wp-json\/wp\/v2\/pages\/177\/revisions"}],"predecessor-version":[{"id":719,"href":"https:\/\/gyvenimelygus.lt\/index.php\/wp-json\/wp\/v2\/pages\/177\/revisions\/719"}],"wp:attachment":[{"href":"https:\/\/gyvenimelygus.lt\/index.php\/wp-json\/wp\/v2\/media?parent=177"}],"curies":[{"name":"wp","href":"https:\/\/api.w.org\/{rel}","templated":true}]}}