{"id":179,"date":"2022-12-21T20:04:22","date_gmt":"2022-12-21T20:04:22","guid":{"rendered":"http:\/\/gyvenimelygus.lt\/?page_id=179"},"modified":"2025-08-11T16:23:42","modified_gmt":"2025-08-11T16:23:42","slug":"kontaktai","status":"publish","type":"page","link":"https:\/\/gyvenimelygus.lt\/index.php\/kontaktai\/","title":{"rendered":"Kontaktai"},"content":{"rendered":"\t\t<div data-elementor-type=\"wp-page\" data-elementor-id=\"179\" class=\"elementor elementor-179\">\n\t\t\t\t\t\t<section class=\"elementor-section elementor-top-section elementor-element elementor-element-0c1c7ec elementor-section-boxed elementor-section-height-default elementor-section-height-default\" data-id=\"0c1c7ec\" data-element_type=\"section\">\n\t\t\t\t\t\t<div class=\"elementor-container elementor-column-gap-default\">\n\t\t\t\t\t<div class=\"elementor-column elementor-col-50 elementor-top-column elementor-element elementor-element-603ad36\" data-id=\"603ad36\" data-element_type=\"column\">\n\t\t\t<div class=\"elementor-widget-wrap elementor-element-populated\">\n\t\t\t\t\t\t<div class=\"elementor-element elementor-element-2fa89e8 elementor-widget elementor-widget-text-editor\" data-id=\"2fa89e8\" data-element_type=\"widget\" data-widget_type=\"text-editor.default\">\n\t\t\t\t<div class=\"elementor-widget-container\">\n\t\t\t\t\t\t\t\t\t<h4><strong>Esant klausimams, pra\u0161ome susisiekti nurodytais kontaktais arba u\u017epildant apa\u010dioje esan\u010di\u0105 form\u0105<\/strong><\/h4><h5>Projekto vadovas<\/h5><h6>Robertas \u0160ustavi\u010dius<br \/>tel. +370 (604) 97635<br \/>el. p.\u00a0<a href=\"mailto:robertassust@gmail.com\">robertassust@gmail.com<\/a><\/h6><h5>Koordinatorius<\/h5><h6>Evelina Bal\u010di\u016bnien\u0117<br \/>tel. +370 (603) 61590<br \/>el. p. <a href=\"balciunienevelina@gmail.com\">balciunienevelina@gmail.com<\/a><\/h6>\t\t\t\t\t\t\t\t<\/div>\n\t\t\t\t<\/div>\n\t\t\t\t\t<\/div>\n\t\t<\/div>\n\t\t\t\t<div class=\"elementor-column elementor-col-50 elementor-top-column elementor-element elementor-element-bb3ec2e\" data-id=\"bb3ec2e\" data-element_type=\"column\">\n\t\t\t<div class=\"elementor-widget-wrap elementor-element-populated\">\n\t\t\t\t\t\t<div class=\"elementor-element elementor-element-7f20caf elementor-widget elementor-widget-shortcode\" data-id=\"7f20caf\" data-element_type=\"widget\" data-widget_type=\"shortcode.default\">\n\t\t\t\t<div class=\"elementor-widget-container\">\n\t\t\t\t\t\t\t<div class=\"elementor-shortcode\"><iframe src=\"https:\/\/www.google.com\/maps\/embed?pb=!1m18!1m12!1m3!1d2296.679567044166!2d24.44085011586554!3d54.85587748032301!2m3!1f0!2f0!3f0!3m2!1i1024!2i768!4f13.1!3m3!1m2!1s0x46e76bc33545e199%3A0x20c284d20e433e00!2sGedimino%20g.%20115%2C%2056150%20Kai%C5%A1iadorys!5e0!3m2!1slt!2slt!4v1671730163222!5m2!1slt!2slt\" width=\"600\" height=\"450\" style=\"border:0;\" allowfullscreen=\"\" loading=\"lazy\" referrerpolicy=\"no-referrer-when-downgrade\"><\/iframe><\/div>\n\t\t\t\t\t\t<\/div>\n\t\t\t\t<\/div>\n\t\t\t\t\t<\/div>\n\t\t<\/div>\n\t\t\t\t\t<\/div>\n\t\t<\/section>\n\t\t\t\t<section class=\"elementor-section elementor-top-section elementor-element elementor-element-45d52eb elementor-section-boxed elementor-section-height-default elementor-section-height-default\" data-id=\"45d52eb\" data-element_type=\"section\">\n\t\t\t\t\t\t<div class=\"elementor-container elementor-column-gap-default\">\n\t\t\t\t\t<div class=\"elementor-column elementor-col-100 elementor-top-column elementor-element elementor-element-a87edc9\" data-id=\"a87edc9\" data-element_type=\"column\">\n\t\t\t<div class=\"elementor-widget-wrap\">\n\t\t\t\t\t\t\t<\/div>\n\t\t<\/div>\n\t\t\t\t\t<\/div>\n\t\t<\/section>\n\t\t\t\t<section class=\"elementor-section elementor-top-section elementor-element elementor-element-618fe58 elementor-section-boxed elementor-section-height-default elementor-section-height-default\" data-id=\"618fe58\" data-element_type=\"section\">\n\t\t\t\t\t\t<div class=\"elementor-container elementor-column-gap-default\">\n\t\t\t\t\t<div class=\"elementor-column elementor-col-100 elementor-top-column elementor-element elementor-element-a83be4e\" data-id=\"a83be4e\" data-element_type=\"column\">\n\t\t\t<div class=\"elementor-widget-wrap elementor-element-populated\">\n\t\t\t\t\t\t<div class=\"elementor-element elementor-element-bd5a928 elementor-widget elementor-widget-text-editor\" data-id=\"bd5a928\" data-element_type=\"widget\" data-widget_type=\"text-editor.default\">\n\t\t\t\t<div class=\"elementor-widget-container\">\n\t\t\t\t\t\t\t\t\t<div class=\"h-global-transition-all h-heading style-359 style-local-65-c18 position-relative h-element\" data-colibri-id=\"65-c18\"><div class=\"h-heading__outer style-359 style-local-65-c18\"><h4 class=\"\">REKVIZITAI<\/h4><\/div><\/div><div class=\"h-global-transition-all h-heading style-361 style-local-65-c19 position-relative h-element\" data-colibri-id=\"65-c19\"><div class=\"h-heading__outer style-361 style-local-65-c19\"><h5 class=\"\">\u012emon\u0117s kodas: 303733854<br \/>El. p. zalieji.velniai@gmail.com<br \/>Tel. 370 (604) 97635<br \/>Adresas: Liep\u0173 al. 16, LT-56133, Kai\u0161iadorys, Lietuva<br \/><br \/>Projekto veikla vykdoma adresu: Gedimino g. 115C, LT-56150, Kai\u0161iadorys, Lietuva<\/h5><\/div><\/div>\t\t\t\t\t\t\t\t<\/div>\n\t\t\t\t<\/div>\n\t\t\t\t\t<\/div>\n\t\t<\/div>\n\t\t\t\t\t<\/div>\n\t\t<\/section>\n\t\t\t\t<\/div>\n\t\t","protected":false},"excerpt":{"rendered":"<p>Esant klausimams, pra\u0161ome susisiekti nurodytais kontaktais arba u\u017epildant apa\u010dioje esan\u010di\u0105 form\u0105 Projekto vadovas Robertas \u0160ustavi\u010diustel. +370 (604) 97635el. p.\u00a0robertassust@gmail.com Koordinatorius Evelina Bal\u010di\u016bnien\u0117tel. +370 (603) 61590el. p. balciunienevelina@gmail.com REKVIZITAI \u012emon\u0117s kodas: 303733854El. p. zalieji.velniai@gmail.comTel. 370 (604) 97635Adresas: Liep\u0173 al. 16, LT-56133, Kai\u0161iadorys, Lietuva Projekto veikla vykdoma adresu: Gedimino g. 115C, LT-56150, Kai\u0161iadorys, Lietuva<\/p>\n","protected":false},"author":2,"featured_media":0,"parent":0,"menu_order":0,"comment_status":"closed","ping_status":"closed","template":"","meta":{"om_disable_all_campaigns":false,"_monsterinsights_skip_tracking":false,"_monsterinsights_sitenote_active":false,"_monsterinsights_sitenote_note":"","_monsterinsights_sitenote_category":0,"footnotes":""},"class_list":["post-179","page","type-page","status-publish","hentry"],"aioseo_notices":[],"_links":{"self":[{"href":"https:\/\/gyvenimelygus.lt\/index.php\/wp-json\/wp\/v2\/pages\/179","targetHints":{"allow":["GET"]}}],"collection":[{"href":"https:\/\/gyvenimelygus.lt\/index.php\/wp-json\/wp\/v2\/pages"}],"about":[{"href":"https:\/\/gyvenimelygus.lt\/index.php\/wp-json\/wp\/v2\/types\/page"}],"author":[{"embeddable":true,"href":"https:\/\/gyvenimelygus.lt\/index.php\/wp-json\/wp\/v2\/users\/2"}],"replies":[{"embeddable":true,"href":"https:\/\/gyvenimelygus.lt\/index.php\/wp-json\/wp\/v2\/comments?post=179"}],"version-history":[{"count":22,"href":"https:\/\/gyvenimelygus.lt\/index.php\/wp-json\/wp\/v2\/pages\/179\/revisions"}],"predecessor-version":[{"id":782,"href":"https:\/\/gyvenimelygus.lt\/index.php\/wp-json\/wp\/v2\/pages\/179\/revisions\/782"}],"wp:attachment":[{"href":"https:\/\/gyvenimelygus.lt\/index.php\/wp-json\/wp\/v2\/media?parent=179"}],"curies":[{"name":"wp","href":"https:\/\/api.w.org\/{rel}","templated":true}]}}