{"id":181,"date":"2022-12-21T20:04:46","date_gmt":"2022-12-21T20:04:46","guid":{"rendered":"http:\/\/gyvenimelygus.lt\/?page_id=181"},"modified":"2023-01-04T11:50:47","modified_gmt":"2023-01-04T11:50:47","slug":"d-u-k","status":"publish","type":"page","link":"https:\/\/gyvenimelygus.lt\/index.php\/d-u-k\/","title":{"rendered":"D.U.K."},"content":{"rendered":"\t\t<div data-elementor-type=\"wp-page\" data-elementor-id=\"181\" class=\"elementor elementor-181\">\n\t\t\t\t\t\t<section class=\"elementor-section elementor-top-section elementor-element elementor-element-318cf1a elementor-section-boxed elementor-section-height-default elementor-section-height-default\" data-id=\"318cf1a\" data-element_type=\"section\">\n\t\t\t\t\t\t<div class=\"elementor-container elementor-column-gap-default\">\n\t\t\t\t\t<div class=\"elementor-column elementor-col-100 elementor-top-column elementor-element elementor-element-7301141\" data-id=\"7301141\" data-element_type=\"column\">\n\t\t\t<div class=\"elementor-widget-wrap elementor-element-populated\">\n\t\t\t\t\t\t<div class=\"elementor-element elementor-element-f056dc5 elementor-widget elementor-widget-accordion\" data-id=\"f056dc5\" data-element_type=\"widget\" data-widget_type=\"accordion.default\">\n\t\t\t\t<div class=\"elementor-widget-container\">\n\t\t\t\t\t\t\t<div class=\"elementor-accordion\">\n\t\t\t\t\t\t\t<div class=\"elementor-accordion-item\">\n\t\t\t\t\t<div id=\"elementor-tab-title-2521\" class=\"elementor-tab-title\" data-tab=\"1\" role=\"button\" aria-controls=\"elementor-tab-content-2521\" aria-expanded=\"false\">\n\t\t\t\t\t\t\t\t\t\t\t\t\t<span class=\"elementor-accordion-icon elementor-accordion-icon-left\" aria-hidden=\"true\">\n\t\t\t\t\t\t\t\t\t\t\t\t\t\t\t<span class=\"elementor-accordion-icon-closed\"><i class=\"fas fa-plus\"><\/i><\/span>\n\t\t\t\t\t\t\t\t<span class=\"elementor-accordion-icon-opened\"><i class=\"fas fa-minus\"><\/i><\/span>\n\t\t\t\t\t\t\t\t\t\t\t\t\t\t<\/span>\n\t\t\t\t\t\t\t\t\t\t\t\t<a class=\"elementor-accordion-title\" tabindex=\"0\">1.\tKokio am\u017eiaus gali b\u016bti savanoris?<\/a>\n\t\t\t\t\t<\/div>\n\t\t\t\t\t<div id=\"elementor-tab-content-2521\" class=\"elementor-tab-content elementor-clearfix\" data-tab=\"1\" role=\"region\" aria-labelledby=\"elementor-tab-title-2521\"><p><span style=\"color: #000000;\">Nuo 16 met\u0173.<\/span><\/p><\/div>\n\t\t\t\t<\/div>\n\t\t\t\t\t\t\t<div class=\"elementor-accordion-item\">\n\t\t\t\t\t<div id=\"elementor-tab-title-2522\" class=\"elementor-tab-title\" data-tab=\"2\" role=\"button\" aria-controls=\"elementor-tab-content-2522\" aria-expanded=\"false\">\n\t\t\t\t\t\t\t\t\t\t\t\t\t<span class=\"elementor-accordion-icon elementor-accordion-icon-left\" aria-hidden=\"true\">\n\t\t\t\t\t\t\t\t\t\t\t\t\t\t\t<span class=\"elementor-accordion-icon-closed\"><i class=\"fas fa-plus\"><\/i><\/span>\n\t\t\t\t\t\t\t\t<span class=\"elementor-accordion-icon-opened\"><i class=\"fas fa-minus\"><\/i><\/span>\n\t\t\t\t\t\t\t\t\t\t\t\t\t\t<\/span>\n\t\t\t\t\t\t\t\t\t\t\t\t<a class=\"elementor-accordion-title\" tabindex=\"0\">2.\tKuo skiriasi projekto savanoris nuo dalyvio?<\/a>\n\t\t\t\t\t<\/div>\n\t\t\t\t\t<div id=\"elementor-tab-content-2522\" class=\"elementor-tab-content elementor-clearfix\" data-tab=\"2\" role=\"region\" aria-labelledby=\"elementor-tab-title-2522\"><p><span style=\"color: #000000;\"><strong>Projekto savanoris<\/strong> (nuo 16 met\u0173, gyvenantis bet kurioje Lietuvos vietov\u0117je) padeda \u012fgyvendinti projekto veiklas bei dalyvauja \u0161iuose mokymuose:<\/span><\/p><ul><li><span style=\"color: #000000;\">Informaciniame renginyje \u201eSavanoryst\u0117s diena\u201c;<\/span><\/li><li><span style=\"color: #000000;\">Kiti mokymai, kuri\u0173 preliminarios temos yra: savanori\u0161kos veiklos teisinis reglamentavimas, savanori\u0173 funkcijos ir atsakomyb\u0117s lygmenys, savanoryst\u0117s tiksl\u0173 i\u0161gryninimas, darbas su negali\u0105 turin\u010diais asmenimis.<\/span><\/li><\/ul><p><span style=\"color: #000000;\"><strong>Projekto dalyvis<\/strong> (14-29 met\u0173, Kai\u0161iadori\u0173 miesto gyventojas) turi galimyb\u0119 dalyvauti bet kuriuose mokymuose nepriklausomai nuo \u012fsitraukimo \u012f projekto vykdomas veiklas (vienuose ir\/ar daugiau mokym\u0173):<\/span><\/p><ul><li><span style=\"color: #000000;\">Mobilios aplikacijos mokymai;<\/span><\/li><li><span style=\"color: #000000;\">Internetini\u0173 svetaini\u0173 administravimo mokymai;<\/span><\/li><li><span style=\"color: #000000;\">Lauko reklamos mokymai;<\/span><\/li><li><span style=\"color: #000000;\">Verslumo skatinimo ir informacijos sklaidos mokymai;<\/span><\/li><li><span style=\"color: #000000;\">Savanoryst\u0117s diena.<\/span><\/li><\/ul><p><span style=\"color: #000000;\">Projekto dalyvis \u2013 tai ne\u012fgalus darbingas asmuo.<\/span><\/p><\/div>\n\t\t\t\t<\/div>\n\t\t\t\t\t\t\t<div class=\"elementor-accordion-item\">\n\t\t\t\t\t<div id=\"elementor-tab-title-2523\" class=\"elementor-tab-title\" data-tab=\"3\" role=\"button\" aria-controls=\"elementor-tab-content-2523\" aria-expanded=\"false\">\n\t\t\t\t\t\t\t\t\t\t\t\t\t<span class=\"elementor-accordion-icon elementor-accordion-icon-left\" aria-hidden=\"true\">\n\t\t\t\t\t\t\t\t\t\t\t\t\t\t\t<span class=\"elementor-accordion-icon-closed\"><i class=\"fas fa-plus\"><\/i><\/span>\n\t\t\t\t\t\t\t\t<span class=\"elementor-accordion-icon-opened\"><i class=\"fas fa-minus\"><\/i><\/span>\n\t\t\t\t\t\t\t\t\t\t\t\t\t\t<\/span>\n\t\t\t\t\t\t\t\t\t\t\t\t<a class=\"elementor-accordion-title\" tabindex=\"0\">3.\tKoki\u0105 nauda gauna savanoris dalyvaujantis projekte?<\/a>\n\t\t\t\t\t<\/div>\n\t\t\t\t\t<div id=\"elementor-tab-content-2523\" class=\"elementor-tab-content elementor-clearfix\" data-tab=\"3\" role=\"region\" aria-labelledby=\"elementor-tab-title-2523\"><p><span style=\"color: #000000;\">Projekto savanoris gaus:<\/span><\/p><ul><li><span style=\"color: #000000;\">Patirt\u012f;<\/span><\/li><li><span style=\"color: #000000;\">Ra\u0161ti\u0161k\u0105 \u201e\u017dali\u0173j\u0173 velni\u0173\u201c organizacijos rekomendacij\u0105;<\/span><\/li><li><span style=\"color: #000000;\">Diplom\u0105, kuriame pa\u017eymimos \u012fgytos kompetencijos;<\/span><\/li><li><span style=\"color: #000000;\">Pa\u017eym\u0117jim\u0105, kuris pripa\u017e\u012fstamas, kaip 0,25 stojamasis balas \u012f Lietuvos auk\u0161t\u0105sias mokyklas.<\/span><\/li><\/ul><\/div>\n\t\t\t\t<\/div>\n\t\t\t\t\t\t\t<div class=\"elementor-accordion-item\">\n\t\t\t\t\t<div id=\"elementor-tab-title-2524\" class=\"elementor-tab-title\" data-tab=\"4\" role=\"button\" aria-controls=\"elementor-tab-content-2524\" aria-expanded=\"false\">\n\t\t\t\t\t\t\t\t\t\t\t\t\t<span class=\"elementor-accordion-icon elementor-accordion-icon-left\" aria-hidden=\"true\">\n\t\t\t\t\t\t\t\t\t\t\t\t\t\t\t<span class=\"elementor-accordion-icon-closed\"><i class=\"fas fa-plus\"><\/i><\/span>\n\t\t\t\t\t\t\t\t<span class=\"elementor-accordion-icon-opened\"><i class=\"fas fa-minus\"><\/i><\/span>\n\t\t\t\t\t\t\t\t\t\t\t\t\t\t<\/span>\n\t\t\t\t\t\t\t\t\t\t\t\t<a class=\"elementor-accordion-title\" tabindex=\"0\">4.\tK\u0105 veiks savanoriai projekto metu?<\/a>\n\t\t\t\t\t<\/div>\n\t\t\t\t\t<div id=\"elementor-tab-content-2524\" class=\"elementor-tab-content elementor-clearfix\" data-tab=\"4\" role=\"region\" aria-labelledby=\"elementor-tab-title-2524\"><ul><li><span style=\"color: #000000;\">Rinks projekto dalyviams ir kitiems negali\u0105 turintiems asmenims aktuali\u0105 informacij\u0105, susijusi\u0105 su verslumo didinimu, verslo k\u016brimu bei vystymu, ir kels \u012f svetain\u0119 bei socialines paskyras;<\/span><\/li><li><span style=\"color: #000000;\">Pagal poreik\u012f suteiks dalyviams palyd\u0117jimo paslaugas \u012f \u012fstaigas (d\u0117l verslo steigimo ar savaranki\u0161kos veiklos);<\/span><\/li><li><span style=\"color: #000000;\">Asistuos projekto dalyviams mokym\u0173 ir informacinio rengini\u0173 metu (pagalba atvykstant, vert\u0117jaujant \u012f gest\u0173 kalb\u0105, technin\u0117 pagalba);<\/span><\/li><li><span style=\"color: #000000;\">Dirbs teikiant vertim\u0105 \u012f gest\u0173 kalb\u0105 informacinio renginio metu.<\/span><\/li><\/ul><\/div>\n\t\t\t\t<\/div>\n\t\t\t\t\t\t\t<div class=\"elementor-accordion-item\">\n\t\t\t\t\t<div id=\"elementor-tab-title-2525\" class=\"elementor-tab-title\" data-tab=\"5\" role=\"button\" aria-controls=\"elementor-tab-content-2525\" aria-expanded=\"false\">\n\t\t\t\t\t\t\t\t\t\t\t\t\t<span class=\"elementor-accordion-icon elementor-accordion-icon-left\" aria-hidden=\"true\">\n\t\t\t\t\t\t\t\t\t\t\t\t\t\t\t<span class=\"elementor-accordion-icon-closed\"><i class=\"fas fa-plus\"><\/i><\/span>\n\t\t\t\t\t\t\t\t<span class=\"elementor-accordion-icon-opened\"><i class=\"fas fa-minus\"><\/i><\/span>\n\t\t\t\t\t\t\t\t\t\t\t\t\t\t<\/span>\n\t\t\t\t\t\t\t\t\t\t\t\t<a class=\"elementor-accordion-title\" tabindex=\"0\">5.\tAr projekto dalyviai tur\u0117s galimyb\u0119 u\u017edirbti pinig\u0173 dalyvaujant projekte?<\/a>\n\t\t\t\t\t<\/div>\n\t\t\t\t\t<div id=\"elementor-tab-content-2525\" class=\"elementor-tab-content elementor-clearfix\" data-tab=\"5\" role=\"region\" aria-labelledby=\"elementor-tab-title-2525\"><p><span style=\"color: #000000;\">Taip. Ta\u010diau u\u017edarbis priklausys nuo verslo s\u0117km\u0117s bei dalyvio ind\u0117lio \u012f sukurt\u0105 versl\u0105.<\/span><\/p><\/div>\n\t\t\t\t<\/div>\n\t\t\t\t\t\t\t<div class=\"elementor-accordion-item\">\n\t\t\t\t\t<div id=\"elementor-tab-title-2526\" class=\"elementor-tab-title\" data-tab=\"6\" role=\"button\" aria-controls=\"elementor-tab-content-2526\" aria-expanded=\"false\">\n\t\t\t\t\t\t\t\t\t\t\t\t\t<span class=\"elementor-accordion-icon elementor-accordion-icon-left\" aria-hidden=\"true\">\n\t\t\t\t\t\t\t\t\t\t\t\t\t\t\t<span class=\"elementor-accordion-icon-closed\"><i class=\"fas fa-plus\"><\/i><\/span>\n\t\t\t\t\t\t\t\t<span class=\"elementor-accordion-icon-opened\"><i class=\"fas fa-minus\"><\/i><\/span>\n\t\t\t\t\t\t\t\t\t\t\t\t\t\t<\/span>\n\t\t\t\t\t\t\t\t\t\t\t\t<a class=\"elementor-accordion-title\" tabindex=\"0\">6.\tProjekto dalyviams \u017eadama suteikti verslo pl\u0117tojimui skirtas priemones, kokios jos?<\/a>\n\t\t\t\t\t<\/div>\n\t\t\t\t\t<div id=\"elementor-tab-content-2526\" class=\"elementor-tab-content elementor-clearfix\" data-tab=\"6\" role=\"region\" aria-labelledby=\"elementor-tab-title-2526\"><p><span style=\"color: #000000;\">Pagrindin\u0117 projekto \u012franga \u2013 daugiafunkcinis lauko ekranas informacijos sklaidos \u012frankis, kuriuo projekto metu 5 dalyviai (jauno verslo atstovai) naudosis kaip priemone vykdyti savo versl\u0105.<\/span><\/p><\/div>\n\t\t\t\t<\/div>\n\t\t\t\t\t\t\t\t<\/div>\n\t\t\t\t\t\t<\/div>\n\t\t\t\t<\/div>\n\t\t\t\t\t<\/div>\n\t\t<\/div>\n\t\t\t\t\t<\/div>\n\t\t<\/section>\n\t\t\t\t<\/div>\n\t\t","protected":false},"excerpt":{"rendered":"<p>1. Kokio am\u017eiaus gali b\u016bti savanoris? Nuo 16 met\u0173. 2. Kuo skiriasi projekto savanoris nuo dalyvio? Projekto savanoris (nuo 16 met\u0173, gyvenantis bet kurioje Lietuvos vietov\u0117je) padeda \u012fgyvendinti projekto veiklas bei dalyvauja \u0161iuose mokymuose: Informaciniame renginyje \u201eSavanoryst\u0117s diena\u201c; Kiti mokymai, kuri\u0173 preliminarios temos yra: savanori\u0161kos veiklos teisinis reglamentavimas, savanori\u0173 funkcijos ir atsakomyb\u0117s lygmenys, savanoryst\u0117s tiksl\u0173 [&hellip;]<\/p>\n","protected":false},"author":2,"featured_media":0,"parent":0,"menu_order":0,"comment_status":"closed","ping_status":"closed","template":"","meta":{"om_disable_all_campaigns":false,"_monsterinsights_skip_tracking":false,"_monsterinsights_sitenote_active":false,"_monsterinsights_sitenote_note":"","_monsterinsights_sitenote_category":0,"footnotes":""},"class_list":["post-181","page","type-page","status-publish","hentry"],"aioseo_notices":[],"_links":{"self":[{"href":"https:\/\/gyvenimelygus.lt\/index.php\/wp-json\/wp\/v2\/pages\/181","targetHints":{"allow":["GET"]}}],"collection":[{"href":"https:\/\/gyvenimelygus.lt\/index.php\/wp-json\/wp\/v2\/pages"}],"about":[{"href":"https:\/\/gyvenimelygus.lt\/index.php\/wp-json\/wp\/v2\/types\/page"}],"author":[{"embeddable":true,"href":"https:\/\/gyvenimelygus.lt\/index.php\/wp-json\/wp\/v2\/users\/2"}],"replies":[{"embeddable":true,"href":"https:\/\/gyvenimelygus.lt\/index.php\/wp-json\/wp\/v2\/comments?post=181"}],"version-history":[{"count":4,"href":"https:\/\/gyvenimelygus.lt\/index.php\/wp-json\/wp\/v2\/pages\/181\/revisions"}],"predecessor-version":[{"id":540,"href":"https:\/\/gyvenimelygus.lt\/index.php\/wp-json\/wp\/v2\/pages\/181\/revisions\/540"}],"wp:attachment":[{"href":"https:\/\/gyvenimelygus.lt\/index.php\/wp-json\/wp\/v2\/media?parent=181"}],"curies":[{"name":"wp","href":"https:\/\/api.w.org\/{rel}","templated":true}]}}